{"id":94,"date":"2023-05-31T17:52:24","date_gmt":"2023-05-31T15:52:24","guid":{"rendered":"https:\/\/occasionrayonnage.com\/?page_id=94"},"modified":"2023-06-01T12:17:29","modified_gmt":"2023-06-01T10:17:29","slug":"contactez-nous","status":"publish","type":"page","link":"https:\/\/occasionrayonnage.com\/index.php\/contactez-nous\/","title":{"rendered":"Contactez-nous"},"content":{"rendered":"<style id=\"wpforms-css-vars-root\">\n\t\t\t\t:root {\n\t\t\t\t\t--wpforms-field-border-radius: 3px;\n--wpforms-field-background-color: #ffffff;\n--wpforms-field-border-color: rgba( 0, 0, 0, 0.25 );\n--wpforms-field-text-color: rgba( 0, 0, 0, 0.7 );\n--wpforms-label-color: rgba( 0, 0, 0, 0.85 );\n--wpforms-label-sublabel-color: rgba( 0, 0, 0, 0.55 );\n--wpforms-label-error-color: #d63637;\n--wpforms-button-border-radius: 3px;\n--wpforms-button-background-color: #066aab;\n--wpforms-button-text-color: #ffffff;\n--wpforms-field-size-input-height: 43px;\n--wpforms-field-size-input-spacing: 15px;\n--wpforms-field-size-font-size: 16px;\n--wpforms-field-size-line-height: 19px;\n--wpforms-field-size-padding-h: 14px;\n--wpforms-field-size-checkbox-size: 16px;\n--wpforms-field-size-sublabel-spacing: 5px;\n--wpforms-field-size-icon-size: 1;\n--wpforms-label-size-font-size: 16px;\n--wpforms-label-size-line-height: 19px;\n--wpforms-label-size-sublabel-font-size: 14px;\n--wpforms-label-size-sublabel-line-height: 17px;\n--wpforms-button-size-font-size: 17px;\n--wpforms-button-size-height: 41px;\n--wpforms-button-size-padding-h: 15px;\n--wpforms-button-size-margin-top: 10px;\n\n\t\t\t\t}\n\t\t\t<\/style><div class=\"wpforms-container wpforms-container-full wpforms-block wpforms-block-94e2fd46-7262-41ae-adac-8f534e980343 wpforms-render-modern\" id=\"wpforms-90\"><form id=\"wpforms-form-90\" class=\"wpforms-validate wpforms-form wpforms-ajax-form\" data-formid=\"90\" method=\"post\" enctype=\"multipart\/form-data\" action=\"\/index.php\/wp-json\/wp\/v2\/pages\/94\" data-token=\"1e8d9376e3b4749f431ac608540b5082\"><noscript class=\"wpforms-error-noscript\">Please enable JavaScript in your browser to complete this form.<\/noscript><div class=\"wpforms-hidden\" id=\"wpforms-error-noscript\">Please enable JavaScript in your browser to complete this form.<\/div><div class=\"wpforms-field-container\"><div id=\"wpforms-90-field_1-container\" class=\"wpforms-field wpforms-field-name\" data-field-id=\"1\"><fieldset><legend class=\"wpforms-field-label\">Coordonn\u00e9es <span class=\"wpforms-required-label\" aria-hidden=\"true\">*<\/span><\/legend><div class=\"wpforms-field-row wpforms-field-medium\"><div class=\"wpforms-field-row-block wpforms-first wpforms-one-half\"><input type=\"text\" id=\"wpforms-90-field_1\" class=\"wpforms-field-name-first wpforms-field-required\" name=\"wpforms[fields][1][first]\" aria-errormessage=\"wpforms-90-field_1-error\" required><label for=\"wpforms-90-field_1\" class=\"wpforms-field-sublabel after \">First<\/label><\/div><div class=\"wpforms-field-row-block wpforms-one-half\"><input type=\"text\" id=\"wpforms-90-field_1-last\" class=\"wpforms-field-name-last wpforms-field-required\" name=\"wpforms[fields][1][last]\" aria-errormessage=\"wpforms-90-field_1-last-error\" required><label for=\"wpforms-90-field_1-last\" class=\"wpforms-field-sublabel after \">Last<\/label><\/div><\/div><\/fieldset><\/div><div id=\"wpforms-90-field_4-container\" class=\"wpforms-field wpforms-field-text\" data-field-id=\"4\"><label class=\"wpforms-field-label\" for=\"wpforms-90-field_4\">Entreprise  <span class=\"wpforms-required-label\" aria-hidden=\"true\">*<\/span><\/label><input type=\"text\" id=\"wpforms-90-field_4\" class=\"wpforms-field-medium wpforms-field-required\" name=\"wpforms[fields][4]\" aria-errormessage=\"wpforms-90-field_4-error\" required><\/div><div id=\"wpforms-90-field_5-container\" class=\"wpforms-field wpforms-field-email\" data-field-id=\"5\"><label class=\"wpforms-field-label\" for=\"wpforms-90-field_5\">E-mail <span class=\"wpforms-required-label\" aria-hidden=\"true\">*<\/span><\/label><input type=\"email\" id=\"wpforms-90-field_5\" class=\"wpforms-field-medium wpforms-field-required\" name=\"wpforms[fields][5]\" spellcheck=\"false\" aria-errormessage=\"wpforms-90-field_5-error\" required><\/div><div id=\"wpforms-90-field_6-container\" class=\"wpforms-field wpforms-field-text\" data-field-id=\"6\"><label class=\"wpforms-field-label\" for=\"wpforms-90-field_6\">Num\u00e9ro de t\u00e9l\u00e9phone <span class=\"wpforms-required-label\" aria-hidden=\"true\">*<\/span><\/label><input type=\"text\" id=\"wpforms-90-field_6\" class=\"wpforms-field-medium wpforms-field-required\" name=\"wpforms[fields][6]\" aria-errormessage=\"wpforms-90-field_6-error\" required><\/div><div id=\"wpforms-90-field_7-container\" class=\"wpforms-field wpforms-field-textarea\" data-field-id=\"7\"><label class=\"wpforms-field-label\" for=\"wpforms-90-field_7\">Description de votre projet<\/label><textarea id=\"wpforms-90-field_7\" class=\"wpforms-field-medium\" name=\"wpforms[fields][7]\" aria-errormessage=\"wpforms-90-field_7-error\" ><\/textarea><\/div><\/div><!-- .wpforms-field-container --><div class=\"wpforms-submit-container\" ><input type=\"hidden\" name=\"wpforms[id]\" value=\"90\"><input type=\"hidden\" name=\"wpforms[author]\" value=\"1\"><button type=\"submit\" name=\"wpforms[submit]\" id=\"wpforms-submit-90\" class=\"wpforms-submit\" data-alt-text=\"Envoi...\" data-submit-text=\"Envoyer\" aria-live=\"assertive\" value=\"wpforms-submit\">Envoyer<\/button><img src=\"https:\/\/occasionrayonnage.com\/wp-content\/plugins\/wpforms-lite\/assets\/images\/submit-spin.svg\" class=\"wpforms-submit-spinner\" style=\"display: none;\" width=\"26\" height=\"26\" alt=\"Loading\"><\/div><\/form><\/div>  <!-- .wpforms-container -->","protected":false},"excerpt":{"rendered":"","protected":false},"author":1,"featured_media":0,"parent":0,"menu_order":0,"comment_status":"closed","ping_status":"closed","template":"","meta":{"_monsterinsights_skip_tracking":false,"_monsterinsights_sitenote_active":false,"_monsterinsights_sitenote_note":"","_monsterinsights_sitenote_category":0},"yoast_head":"<!-- This site is optimized with the Yoast SEO plugin v20.8 - https:\/\/yoast.com\/wordpress\/plugins\/seo\/ -->\n<title>Contactez-nous - occasionrayonnage.com<\/title>\n<meta name=\"robots\" content=\"index, follow, max-snippet:-1, max-image-preview:large, max-video-preview:-1\" \/>\n<link rel=\"canonical\" href=\"https:\/\/occasionrayonnage.com\/index.php\/contactez-nous\/\" \/>\n<meta property=\"og:locale\" content=\"en_US\" \/>\n<meta property=\"og:type\" content=\"article\" \/>\n<meta property=\"og:title\" content=\"Contactez-nous - occasionrayonnage.com\" \/>\n<meta property=\"og:url\" content=\"https:\/\/occasionrayonnage.com\/index.php\/contactez-nous\/\" \/>\n<meta property=\"og:site_name\" content=\"occasionrayonnage.com\" \/>\n<meta property=\"article:modified_time\" content=\"2023-06-01T10:17:29+00:00\" \/>\n<meta name=\"twitter:card\" content=\"summary_large_image\" \/>\n<script type=\"application\/ld+json\" class=\"yoast-schema-graph\">{\"@context\":\"https:\/\/schema.org\",\"@graph\":[{\"@type\":\"WebPage\",\"@id\":\"https:\/\/occasionrayonnage.com\/index.php\/contactez-nous\/\",\"url\":\"https:\/\/occasionrayonnage.com\/index.php\/contactez-nous\/\",\"name\":\"Contactez-nous - occasionrayonnage.com\",\"isPartOf\":{\"@id\":\"https:\/\/occasionrayonnage.com\/#website\"},\"datePublished\":\"2023-05-31T15:52:24+00:00\",\"dateModified\":\"2023-06-01T10:17:29+00:00\",\"breadcrumb\":{\"@id\":\"https:\/\/occasionrayonnage.com\/index.php\/contactez-nous\/#breadcrumb\"},\"inLanguage\":\"en-US\",\"potentialAction\":[{\"@type\":\"ReadAction\",\"target\":[\"https:\/\/occasionrayonnage.com\/index.php\/contactez-nous\/\"]}]},{\"@type\":\"BreadcrumbList\",\"@id\":\"https:\/\/occasionrayonnage.com\/index.php\/contactez-nous\/#breadcrumb\",\"itemListElement\":[{\"@type\":\"ListItem\",\"position\":1,\"name\":\"Accueil\",\"item\":\"https:\/\/occasionrayonnage.com\/\"},{\"@type\":\"ListItem\",\"position\":2,\"name\":\"Contactez-nous\"}]},{\"@type\":\"WebSite\",\"@id\":\"https:\/\/occasionrayonnage.com\/#website\",\"url\":\"https:\/\/occasionrayonnage.com\/\",\"name\":\"occasionrayonnage.com\",\"description\":\"\",\"publisher\":{\"@id\":\"https:\/\/occasionrayonnage.com\/#organization\"},\"potentialAction\":[{\"@type\":\"SearchAction\",\"target\":{\"@type\":\"EntryPoint\",\"urlTemplate\":\"https:\/\/occasionrayonnage.com\/?s={search_term_string}\"},\"query-input\":\"required name=search_term_string\"}],\"inLanguage\":\"en-US\"},{\"@type\":\"Organization\",\"@id\":\"https:\/\/occasionrayonnage.com\/#organization\",\"name\":\"occasionrayonnage.com\",\"url\":\"https:\/\/occasionrayonnage.com\/\",\"logo\":{\"@type\":\"ImageObject\",\"inLanguage\":\"en-US\",\"@id\":\"https:\/\/occasionrayonnage.com\/#\/schema\/logo\/image\/\",\"url\":\"https:\/\/occasionrayonnage.com\/wp-content\/uploads\/2023\/06\/cropped-occasionrayonnage.com-1.png\",\"contentUrl\":\"https:\/\/occasionrayonnage.com\/wp-content\/uploads\/2023\/06\/cropped-occasionrayonnage.com-1.png\",\"width\":477,\"height\":127,\"caption\":\"occasionrayonnage.com\"},\"image\":{\"@id\":\"https:\/\/occasionrayonnage.com\/#\/schema\/logo\/image\/\"}}]}<\/script>\n<!-- \/ Yoast SEO plugin. -->","yoast_head_json":{"title":"Contactez-nous - occasionrayonnage.com","robots":{"index":"index","follow":"follow","max-snippet":"max-snippet:-1","max-image-preview":"max-image-preview:large","max-video-preview":"max-video-preview:-1"},"canonical":"https:\/\/occasionrayonnage.com\/index.php\/contactez-nous\/","og_locale":"en_US","og_type":"article","og_title":"Contactez-nous - occasionrayonnage.com","og_url":"https:\/\/occasionrayonnage.com\/index.php\/contactez-nous\/","og_site_name":"occasionrayonnage.com","article_modified_time":"2023-06-01T10:17:29+00:00","twitter_card":"summary_large_image","schema":{"@context":"https:\/\/schema.org","@graph":[{"@type":"WebPage","@id":"https:\/\/occasionrayonnage.com\/index.php\/contactez-nous\/","url":"https:\/\/occasionrayonnage.com\/index.php\/contactez-nous\/","name":"Contactez-nous - occasionrayonnage.com","isPartOf":{"@id":"https:\/\/occasionrayonnage.com\/#website"},"datePublished":"2023-05-31T15:52:24+00:00","dateModified":"2023-06-01T10:17:29+00:00","breadcrumb":{"@id":"https:\/\/occasionrayonnage.com\/index.php\/contactez-nous\/#breadcrumb"},"inLanguage":"en-US","potentialAction":[{"@type":"ReadAction","target":["https:\/\/occasionrayonnage.com\/index.php\/contactez-nous\/"]}]},{"@type":"BreadcrumbList","@id":"https:\/\/occasionrayonnage.com\/index.php\/contactez-nous\/#breadcrumb","itemListElement":[{"@type":"ListItem","position":1,"name":"Accueil","item":"https:\/\/occasionrayonnage.com\/"},{"@type":"ListItem","position":2,"name":"Contactez-nous"}]},{"@type":"WebSite","@id":"https:\/\/occasionrayonnage.com\/#website","url":"https:\/\/occasionrayonnage.com\/","name":"occasionrayonnage.com","description":"","publisher":{"@id":"https:\/\/occasionrayonnage.com\/#organization"},"potentialAction":[{"@type":"SearchAction","target":{"@type":"EntryPoint","urlTemplate":"https:\/\/occasionrayonnage.com\/?s={search_term_string}"},"query-input":"required name=search_term_string"}],"inLanguage":"en-US"},{"@type":"Organization","@id":"https:\/\/occasionrayonnage.com\/#organization","name":"occasionrayonnage.com","url":"https:\/\/occasionrayonnage.com\/","logo":{"@type":"ImageObject","inLanguage":"en-US","@id":"https:\/\/occasionrayonnage.com\/#\/schema\/logo\/image\/","url":"https:\/\/occasionrayonnage.com\/wp-content\/uploads\/2023\/06\/cropped-occasionrayonnage.com-1.png","contentUrl":"https:\/\/occasionrayonnage.com\/wp-content\/uploads\/2023\/06\/cropped-occasionrayonnage.com-1.png","width":477,"height":127,"caption":"occasionrayonnage.com"},"image":{"@id":"https:\/\/occasionrayonnage.com\/#\/schema\/logo\/image\/"}}]}},"_links":{"self":[{"href":"https:\/\/occasionrayonnage.com\/index.php\/wp-json\/wp\/v2\/pages\/94"}],"collection":[{"href":"https:\/\/occasionrayonnage.com\/index.php\/wp-json\/wp\/v2\/pages"}],"about":[{"href":"https:\/\/occasionrayonnage.com\/index.php\/wp-json\/wp\/v2\/types\/page"}],"author":[{"embeddable":true,"href":"https:\/\/occasionrayonnage.com\/index.php\/wp-json\/wp\/v2\/users\/1"}],"replies":[{"embeddable":true,"href":"https:\/\/occasionrayonnage.com\/index.php\/wp-json\/wp\/v2\/comments?post=94"}],"version-history":[{"count":2,"href":"https:\/\/occasionrayonnage.com\/index.php\/wp-json\/wp\/v2\/pages\/94\/revisions"}],"predecessor-version":[{"id":125,"href":"https:\/\/occasionrayonnage.com\/index.php\/wp-json\/wp\/v2\/pages\/94\/revisions\/125"}],"wp:attachment":[{"href":"https:\/\/occasionrayonnage.com\/index.php\/wp-json\/wp\/v2\/media?parent=94"}],"curies":[{"name":"wp","href":"https:\/\/api.w.org\/{rel}","templated":true}]}}