{"id":7,"date":"2023-05-31T09:13:26","date_gmt":"2023-05-31T07:13:26","guid":{"rendered":"https:\/\/occasionrayonnage.com\/index.php\/home\/"},"modified":"2023-09-27T15:45:44","modified_gmt":"2023-09-27T13:45:44","slug":"accueil","status":"publish","type":"page","link":"https:\/\/occasionrayonnage.com\/","title":{"rendered":"Home"},"content":{"rendered":"","protected":false},"excerpt":{"rendered":"","protected":false},"author":1,"featured_media":0,"parent":0,"menu_order":0,"comment_status":"closed","ping_status":"closed","template":"templates\/template-homepage.php","meta":{"_monsterinsights_skip_tracking":false,"_monsterinsights_sitenote_active":false,"_monsterinsights_sitenote_note":"","_monsterinsights_sitenote_category":0},"yoast_head":"<!-- This site is optimized with the Yoast SEO plugin v20.8 - https:\/\/yoast.com\/wordpress\/plugins\/seo\/ -->\n<title>occasionrayonnage.com<\/title>\n<meta name=\"description\" content=\"Trouvez le rayonnage d&#039;occasion parfait pour votre entreprise sur OccasionRayonnage.com. \u00c9conomisez sur le stockage industriel tout en maintenant la qualit\u00e9. D\u00e9couvrez notre s\u00e9lection aujourd&#039;hui !\" \/>\n<meta name=\"robots\" content=\"index, follow, max-snippet:-1, max-image-preview:large, max-video-preview:-1\" \/>\n<link rel=\"canonical\" href=\"https:\/\/occasionrayonnage.com\/\" \/>\n<meta property=\"og:locale\" content=\"en_US\" \/>\n<meta property=\"og:type\" content=\"article\" \/>\n<meta property=\"og:title\" content=\"occasionrayonnage.com\" \/>\n<meta property=\"og:description\" content=\"Trouvez le rayonnage d&#039;occasion parfait pour votre entreprise sur OccasionRayonnage.com. \u00c9conomisez sur le stockage industriel tout en maintenant la qualit\u00e9. D\u00e9couvrez notre s\u00e9lection aujourd&#039;hui !\" \/>\n<meta property=\"og:url\" content=\"https:\/\/occasionrayonnage.com\/\" \/>\n<meta property=\"og:site_name\" content=\"occasionrayonnage.com\" \/>\n<meta property=\"article:modified_time\" content=\"2023-09-27T13:45:44+00:00\" \/>\n<meta name=\"twitter:card\" content=\"summary_large_image\" \/>\n<script type=\"application\/ld+json\" class=\"yoast-schema-graph\">{\"@context\":\"https:\/\/schema.org\",\"@graph\":[{\"@type\":\"WebPage\",\"@id\":\"https:\/\/occasionrayonnage.com\/\",\"url\":\"https:\/\/occasionrayonnage.com\/\",\"name\":\"occasionrayonnage.com\",\"isPartOf\":{\"@id\":\"https:\/\/occasionrayonnage.com\/#website\"},\"datePublished\":\"2023-05-31T07:13:26+00:00\",\"dateModified\":\"2023-09-27T13:45:44+00:00\",\"description\":\"Trouvez le rayonnage d'occasion parfait pour votre entreprise sur OccasionRayonnage.com. \u00c9conomisez sur le stockage industriel tout en maintenant la qualit\u00e9. D\u00e9couvrez notre s\u00e9lection aujourd'hui !\",\"breadcrumb\":{\"@id\":\"https:\/\/occasionrayonnage.com\/#breadcrumb\"},\"inLanguage\":\"en-US\",\"potentialAction\":[{\"@type\":\"ReadAction\",\"target\":[\"https:\/\/occasionrayonnage.com\/\"]}]},{\"@type\":\"BreadcrumbList\",\"@id\":\"https:\/\/occasionrayonnage.com\/#breadcrumb\",\"itemListElement\":[{\"@type\":\"ListItem\",\"position\":1,\"name\":\"Accueil\",\"item\":\"https:\/\/occasionrayonnage.com\/\"},{\"@type\":\"ListItem\",\"position\":2,\"name\":\"Home\"}]},{\"@type\":\"WebSite\",\"@id\":\"https:\/\/occasionrayonnage.com\/#website\",\"url\":\"https:\/\/occasionrayonnage.com\/\",\"name\":\"occasionrayonnage.com\",\"description\":\"\",\"publisher\":{\"@id\":\"https:\/\/occasionrayonnage.com\/#organization\"},\"potentialAction\":[{\"@type\":\"SearchAction\",\"target\":{\"@type\":\"EntryPoint\",\"urlTemplate\":\"https:\/\/occasionrayonnage.com\/?s={search_term_string}\"},\"query-input\":\"required name=search_term_string\"}],\"inLanguage\":\"en-US\"},{\"@type\":\"Organization\",\"@id\":\"https:\/\/occasionrayonnage.com\/#organization\",\"name\":\"occasionrayonnage.com\",\"url\":\"https:\/\/occasionrayonnage.com\/\",\"logo\":{\"@type\":\"ImageObject\",\"inLanguage\":\"en-US\",\"@id\":\"https:\/\/occasionrayonnage.com\/#\/schema\/logo\/image\/\",\"url\":\"https:\/\/occasionrayonnage.com\/wp-content\/uploads\/2023\/06\/cropped-occasionrayonnage.com-1.png\",\"contentUrl\":\"https:\/\/occasionrayonnage.com\/wp-content\/uploads\/2023\/06\/cropped-occasionrayonnage.com-1.png\",\"width\":477,\"height\":127,\"caption\":\"occasionrayonnage.com\"},\"image\":{\"@id\":\"https:\/\/occasionrayonnage.com\/#\/schema\/logo\/image\/\"}}]}<\/script>\n<!-- \/ Yoast SEO plugin. -->","yoast_head_json":{"title":"occasionrayonnage.com","description":"Trouvez le rayonnage d'occasion parfait pour votre entreprise sur OccasionRayonnage.com. \u00c9conomisez sur le stockage industriel tout en maintenant la qualit\u00e9. D\u00e9couvrez notre s\u00e9lection aujourd'hui !","robots":{"index":"index","follow":"follow","max-snippet":"max-snippet:-1","max-image-preview":"max-image-preview:large","max-video-preview":"max-video-preview:-1"},"canonical":"https:\/\/occasionrayonnage.com\/","og_locale":"en_US","og_type":"article","og_title":"occasionrayonnage.com","og_description":"Trouvez le rayonnage d'occasion parfait pour votre entreprise sur OccasionRayonnage.com. \u00c9conomisez sur le stockage industriel tout en maintenant la qualit\u00e9. D\u00e9couvrez notre s\u00e9lection aujourd'hui !","og_url":"https:\/\/occasionrayonnage.com\/","og_site_name":"occasionrayonnage.com","article_modified_time":"2023-09-27T13:45:44+00:00","twitter_card":"summary_large_image","schema":{"@context":"https:\/\/schema.org","@graph":[{"@type":"WebPage","@id":"https:\/\/occasionrayonnage.com\/","url":"https:\/\/occasionrayonnage.com\/","name":"occasionrayonnage.com","isPartOf":{"@id":"https:\/\/occasionrayonnage.com\/#website"},"datePublished":"2023-05-31T07:13:26+00:00","dateModified":"2023-09-27T13:45:44+00:00","description":"Trouvez le rayonnage d'occasion parfait pour votre entreprise sur OccasionRayonnage.com. \u00c9conomisez sur le stockage industriel tout en maintenant la qualit\u00e9. D\u00e9couvrez notre s\u00e9lection aujourd'hui !","breadcrumb":{"@id":"https:\/\/occasionrayonnage.com\/#breadcrumb"},"inLanguage":"en-US","potentialAction":[{"@type":"ReadAction","target":["https:\/\/occasionrayonnage.com\/"]}]},{"@type":"BreadcrumbList","@id":"https:\/\/occasionrayonnage.com\/#breadcrumb","itemListElement":[{"@type":"ListItem","position":1,"name":"Accueil","item":"https:\/\/occasionrayonnage.com\/"},{"@type":"ListItem","position":2,"name":"Home"}]},{"@type":"WebSite","@id":"https:\/\/occasionrayonnage.com\/#website","url":"https:\/\/occasionrayonnage.com\/","name":"occasionrayonnage.com","description":"","publisher":{"@id":"https:\/\/occasionrayonnage.com\/#organization"},"potentialAction":[{"@type":"SearchAction","target":{"@type":"EntryPoint","urlTemplate":"https:\/\/occasionrayonnage.com\/?s={search_term_string}"},"query-input":"required name=search_term_string"}],"inLanguage":"en-US"},{"@type":"Organization","@id":"https:\/\/occasionrayonnage.com\/#organization","name":"occasionrayonnage.com","url":"https:\/\/occasionrayonnage.com\/","logo":{"@type":"ImageObject","inLanguage":"en-US","@id":"https:\/\/occasionrayonnage.com\/#\/schema\/logo\/image\/","url":"https:\/\/occasionrayonnage.com\/wp-content\/uploads\/2023\/06\/cropped-occasionrayonnage.com-1.png","contentUrl":"https:\/\/occasionrayonnage.com\/wp-content\/uploads\/2023\/06\/cropped-occasionrayonnage.com-1.png","width":477,"height":127,"caption":"occasionrayonnage.com"},"image":{"@id":"https:\/\/occasionrayonnage.com\/#\/schema\/logo\/image\/"}}]}},"_links":{"self":[{"href":"https:\/\/occasionrayonnage.com\/index.php\/wp-json\/wp\/v2\/pages\/7"}],"collection":[{"href":"https:\/\/occasionrayonnage.com\/index.php\/wp-json\/wp\/v2\/pages"}],"about":[{"href":"https:\/\/occasionrayonnage.com\/index.php\/wp-json\/wp\/v2\/types\/page"}],"author":[{"embeddable":true,"href":"https:\/\/occasionrayonnage.com\/index.php\/wp-json\/wp\/v2\/users\/1"}],"replies":[{"embeddable":true,"href":"https:\/\/occasionrayonnage.com\/index.php\/wp-json\/wp\/v2\/comments?post=7"}],"version-history":[{"count":1,"href":"https:\/\/occasionrayonnage.com\/index.php\/wp-json\/wp\/v2\/pages\/7\/revisions"}],"predecessor-version":[{"id":141,"href":"https:\/\/occasionrayonnage.com\/index.php\/wp-json\/wp\/v2\/pages\/7\/revisions\/141"}],"wp:attachment":[{"href":"https:\/\/occasionrayonnage.com\/index.php\/wp-json\/wp\/v2\/media?parent=7"}],"curies":[{"name":"wp","href":"https:\/\/api.w.org\/{rel}","templated":true}]}}