{"id":66,"date":"2023-05-31T17:20:18","date_gmt":"2023-05-31T15:20:18","guid":{"rendered":"https:\/\/occasionrayonnage.com\/?page_id=66"},"modified":"2023-06-01T12:34:10","modified_gmt":"2023-06-01T10:34:10","slug":"une-marque-du-groupe-sos-rayonnages","status":"publish","type":"page","link":"https:\/\/occasionrayonnage.com\/index.php\/une-marque-du-groupe-sos-rayonnages\/","title":{"rendered":"Sos Rayonnages"},"content":{"rendered":"\n<h2 class=\"wp-block-heading\">Une marque du groupe Sos Rayonnages<\/h2>\n\n\n\n<p><strong>En 2023 occasionrayonnages.com rejoint le groupe <a href=\"https:\/\/sosrayonnages.com\/\" data-type=\"URL\" data-id=\"https:\/\/sosrayonnages.com\/\">Sos Rayonnages<\/a> voici les avantages :<\/strong><\/p>\n\n\n\n<ol>\n<li class=\"has-medium-font-size\"><strong>Gamme de produits \u00e9largie :<\/strong> Avec l\u2019int\u00e9gration de occasionrayonnages.com, le groupe Sos Rayonnages peut proposer une gamme de produits plus large \u00e0 ses clients. Cela signifie qu\u2019il y aura plus de choix en termes de types de rayonnages, de tailles, de capacit\u00e9s de charge, etc. Les clients auront ainsi acc\u00e8s \u00e0 une plus grande vari\u00e9t\u00e9 de solutions de stockage.<\/li>\n\n\n\n<li class=\"has-medium-font-size\"><strong>Expertise accrue :<\/strong> Occasionrayonnages.com apporte son expertise sp\u00e9cifique dans le domaine des rayonnages d\u2019occasion. Cette expertise peut \u00eatre mise \u00e0 profit au sein du groupe <a href=\"https:\/\/sosrayonnages.com\/\">Sos Rayonnages<\/a>, ce qui renforce le savoir-faire global de l\u2019entreprise. Les clients pourront b\u00e9n\u00e9ficier de conseils d\u2019experts pour choisir les meilleurs rayonnages adapt\u00e9s \u00e0 leurs besoins sp\u00e9cifiques.<\/li>\n\n\n\n<li class=\"has-medium-font-size\"><strong>R\u00e9seau de distribution \u00e9tendu <\/strong>: Le groupe <a href=\"https:\/\/sosrayonnages.com\/\">Sos Rayonnages<\/a> dispose d\u2019un r\u00e9seau de distribution plus \u00e9tendu que celui de occasionrayonnages.com. Cela signifie qu\u2019il sera possible de b\u00e9n\u00e9ficier d\u2019une plus grande couverture g\u00e9ographique pour la livraison des produits et des services. Les clients pourront ainsi profiter d\u2019une meilleure accessibilit\u00e9 et d\u2019une plus grande facilit\u00e9 d\u2019approvisionnement.<\/li>\n\n\n\n<li class=\"has-medium-font-size\"><strong>Services compl\u00e9mentaires <\/strong>: L\u2019int\u00e9gration de occasionrayonnages.com au sein du groupe Sos Rayonnages peut \u00e9galement permettre d\u2019offrir des services compl\u00e9mentaires. Par exemple, les services d\u2019installation, de maintenance ou de r\u00e9paration des rayonnages, en plus de la vente. Cela permet de fournir une exp\u00e9rience client plus compl\u00e8te et de r\u00e9pondre \u00e0 l\u2019ensemble des besoins li\u00e9s au stockage et \u00e0 la gestion des rayonnages.<\/li>\n\n\n\n<li class=\"has-medium-font-size\">R<strong>essources et investissements <\/strong>: L\u2019int\u00e9gration au sein d\u2019un groupe plus large peut apporter des ressources suppl\u00e9mentaires \u00e0 occasionrayonnages.com. Cela peut inclure des investissements notamment dans l\u2019am\u00e9lioration des processus de reconditionnement. Ces ressources suppl\u00e9mentaires peuvent contribuer \u00e0 am\u00e9liorer la qualit\u00e9 des produits et services offerts par Occasionrayonnages.com.<\/li>\n<\/ol>\n","protected":false},"excerpt":{"rendered":"<p>Une marque du groupe Sos Rayonnages En 2023 occasionrayonnages.com rejoint le groupe Sos Rayonnages voici les avantages :<\/p>\n","protected":false},"author":1,"featured_media":0,"parent":0,"menu_order":0,"comment_status":"closed","ping_status":"closed","template":"","meta":{"_monsterinsights_skip_tracking":false,"_monsterinsights_sitenote_active":false,"_monsterinsights_sitenote_note":"","_monsterinsights_sitenote_category":0},"yoast_head":"<!-- This site is optimized with the Yoast SEO plugin v20.8 - https:\/\/yoast.com\/wordpress\/plugins\/seo\/ -->\n<title>Sos Rayonnages - occasionrayonnage.com<\/title>\n<meta name=\"description\" content=\"En 2023 occasionrayonnages.com rejoint le groupe Sos Rayonnages voici les avantages : Gamme de produits \u00e9largie,...\" \/>\n<meta name=\"robots\" content=\"index, follow, max-snippet:-1, max-image-preview:large, max-video-preview:-1\" \/>\n<link rel=\"canonical\" href=\"https:\/\/occasionrayonnage.com\/index.php\/une-marque-du-groupe-sos-rayonnages\/\" \/>\n<meta property=\"og:locale\" content=\"en_US\" \/>\n<meta property=\"og:type\" content=\"article\" \/>\n<meta property=\"og:title\" content=\"Sos Rayonnages\" \/>\n<meta property=\"og:description\" content=\"En 2023 occasionrayonnages.com rejoint le groupe Sos Rayonnages voici les avantages : Gamme de produits \u00e9largie,...\" \/>\n<meta property=\"og:url\" content=\"https:\/\/occasionrayonnage.com\/index.php\/une-marque-du-groupe-sos-rayonnages\/\" \/>\n<meta property=\"og:site_name\" content=\"occasionrayonnage.com\" \/>\n<meta property=\"article:modified_time\" content=\"2023-06-01T10:34:10+00:00\" \/>\n<meta name=\"twitter:card\" content=\"summary_large_image\" \/>\n<meta name=\"twitter:title\" content=\"Sos Rayonnages\" \/>\n<meta name=\"twitter:description\" content=\"En 2023 occasionrayonnages.com rejoint le groupe Sos Rayonnages voici les avantages : Gamme de produits \u00e9largie,...\" \/>\n<meta name=\"twitter:label1\" content=\"Est. reading time\" \/>\n\t<meta name=\"twitter:data1\" content=\"2 minutes\" \/>\n<script type=\"application\/ld+json\" class=\"yoast-schema-graph\">{\"@context\":\"https:\/\/schema.org\",\"@graph\":[{\"@type\":\"WebPage\",\"@id\":\"https:\/\/occasionrayonnage.com\/index.php\/une-marque-du-groupe-sos-rayonnages\/\",\"url\":\"https:\/\/occasionrayonnage.com\/index.php\/une-marque-du-groupe-sos-rayonnages\/\",\"name\":\"Sos Rayonnages - occasionrayonnage.com\",\"isPartOf\":{\"@id\":\"https:\/\/occasionrayonnage.com\/#website\"},\"datePublished\":\"2023-05-31T15:20:18+00:00\",\"dateModified\":\"2023-06-01T10:34:10+00:00\",\"description\":\"En 2023 occasionrayonnages.com rejoint le groupe Sos Rayonnages voici les avantages : Gamme de produits \u00e9largie,...\",\"breadcrumb\":{\"@id\":\"https:\/\/occasionrayonnage.com\/index.php\/une-marque-du-groupe-sos-rayonnages\/#breadcrumb\"},\"inLanguage\":\"en-US\",\"potentialAction\":[{\"@type\":\"ReadAction\",\"target\":[\"https:\/\/occasionrayonnage.com\/index.php\/une-marque-du-groupe-sos-rayonnages\/\"]}]},{\"@type\":\"BreadcrumbList\",\"@id\":\"https:\/\/occasionrayonnage.com\/index.php\/une-marque-du-groupe-sos-rayonnages\/#breadcrumb\",\"itemListElement\":[{\"@type\":\"ListItem\",\"position\":1,\"name\":\"Accueil\",\"item\":\"https:\/\/occasionrayonnage.com\/\"},{\"@type\":\"ListItem\",\"position\":2,\"name\":\"Sos Rayonnages\"}]},{\"@type\":\"WebSite\",\"@id\":\"https:\/\/occasionrayonnage.com\/#website\",\"url\":\"https:\/\/occasionrayonnage.com\/\",\"name\":\"occasionrayonnage.com\",\"description\":\"\",\"publisher\":{\"@id\":\"https:\/\/occasionrayonnage.com\/#organization\"},\"potentialAction\":[{\"@type\":\"SearchAction\",\"target\":{\"@type\":\"EntryPoint\",\"urlTemplate\":\"https:\/\/occasionrayonnage.com\/?s={search_term_string}\"},\"query-input\":\"required name=search_term_string\"}],\"inLanguage\":\"en-US\"},{\"@type\":\"Organization\",\"@id\":\"https:\/\/occasionrayonnage.com\/#organization\",\"name\":\"occasionrayonnage.com\",\"url\":\"https:\/\/occasionrayonnage.com\/\",\"logo\":{\"@type\":\"ImageObject\",\"inLanguage\":\"en-US\",\"@id\":\"https:\/\/occasionrayonnage.com\/#\/schema\/logo\/image\/\",\"url\":\"https:\/\/occasionrayonnage.com\/wp-content\/uploads\/2023\/06\/cropped-occasionrayonnage.com-1.png\",\"contentUrl\":\"https:\/\/occasionrayonnage.com\/wp-content\/uploads\/2023\/06\/cropped-occasionrayonnage.com-1.png\",\"width\":477,\"height\":127,\"caption\":\"occasionrayonnage.com\"},\"image\":{\"@id\":\"https:\/\/occasionrayonnage.com\/#\/schema\/logo\/image\/\"}}]}<\/script>\n<!-- \/ Yoast SEO plugin. -->","yoast_head_json":{"title":"Sos Rayonnages - occasionrayonnage.com","description":"En 2023 occasionrayonnages.com rejoint le groupe Sos Rayonnages voici les avantages : Gamme de produits \u00e9largie,...","robots":{"index":"index","follow":"follow","max-snippet":"max-snippet:-1","max-image-preview":"max-image-preview:large","max-video-preview":"max-video-preview:-1"},"canonical":"https:\/\/occasionrayonnage.com\/index.php\/une-marque-du-groupe-sos-rayonnages\/","og_locale":"en_US","og_type":"article","og_title":"Sos Rayonnages","og_description":"En 2023 occasionrayonnages.com rejoint le groupe Sos Rayonnages voici les avantages : Gamme de produits \u00e9largie,...","og_url":"https:\/\/occasionrayonnage.com\/index.php\/une-marque-du-groupe-sos-rayonnages\/","og_site_name":"occasionrayonnage.com","article_modified_time":"2023-06-01T10:34:10+00:00","twitter_card":"summary_large_image","twitter_title":"Sos Rayonnages","twitter_description":"En 2023 occasionrayonnages.com rejoint le groupe Sos Rayonnages voici les avantages : Gamme de produits \u00e9largie,...","twitter_misc":{"Est. reading time":"2 minutes"},"schema":{"@context":"https:\/\/schema.org","@graph":[{"@type":"WebPage","@id":"https:\/\/occasionrayonnage.com\/index.php\/une-marque-du-groupe-sos-rayonnages\/","url":"https:\/\/occasionrayonnage.com\/index.php\/une-marque-du-groupe-sos-rayonnages\/","name":"Sos Rayonnages - occasionrayonnage.com","isPartOf":{"@id":"https:\/\/occasionrayonnage.com\/#website"},"datePublished":"2023-05-31T15:20:18+00:00","dateModified":"2023-06-01T10:34:10+00:00","description":"En 2023 occasionrayonnages.com rejoint le groupe Sos Rayonnages voici les avantages : Gamme de produits \u00e9largie,...","breadcrumb":{"@id":"https:\/\/occasionrayonnage.com\/index.php\/une-marque-du-groupe-sos-rayonnages\/#breadcrumb"},"inLanguage":"en-US","potentialAction":[{"@type":"ReadAction","target":["https:\/\/occasionrayonnage.com\/index.php\/une-marque-du-groupe-sos-rayonnages\/"]}]},{"@type":"BreadcrumbList","@id":"https:\/\/occasionrayonnage.com\/index.php\/une-marque-du-groupe-sos-rayonnages\/#breadcrumb","itemListElement":[{"@type":"ListItem","position":1,"name":"Accueil","item":"https:\/\/occasionrayonnage.com\/"},{"@type":"ListItem","position":2,"name":"Sos Rayonnages"}]},{"@type":"WebSite","@id":"https:\/\/occasionrayonnage.com\/#website","url":"https:\/\/occasionrayonnage.com\/","name":"occasionrayonnage.com","description":"","publisher":{"@id":"https:\/\/occasionrayonnage.com\/#organization"},"potentialAction":[{"@type":"SearchAction","target":{"@type":"EntryPoint","urlTemplate":"https:\/\/occasionrayonnage.com\/?s={search_term_string}"},"query-input":"required name=search_term_string"}],"inLanguage":"en-US"},{"@type":"Organization","@id":"https:\/\/occasionrayonnage.com\/#organization","name":"occasionrayonnage.com","url":"https:\/\/occasionrayonnage.com\/","logo":{"@type":"ImageObject","inLanguage":"en-US","@id":"https:\/\/occasionrayonnage.com\/#\/schema\/logo\/image\/","url":"https:\/\/occasionrayonnage.com\/wp-content\/uploads\/2023\/06\/cropped-occasionrayonnage.com-1.png","contentUrl":"https:\/\/occasionrayonnage.com\/wp-content\/uploads\/2023\/06\/cropped-occasionrayonnage.com-1.png","width":477,"height":127,"caption":"occasionrayonnage.com"},"image":{"@id":"https:\/\/occasionrayonnage.com\/#\/schema\/logo\/image\/"}}]}},"_links":{"self":[{"href":"https:\/\/occasionrayonnage.com\/index.php\/wp-json\/wp\/v2\/pages\/66"}],"collection":[{"href":"https:\/\/occasionrayonnage.com\/index.php\/wp-json\/wp\/v2\/pages"}],"about":[{"href":"https:\/\/occasionrayonnage.com\/index.php\/wp-json\/wp\/v2\/types\/page"}],"author":[{"embeddable":true,"href":"https:\/\/occasionrayonnage.com\/index.php\/wp-json\/wp\/v2\/users\/1"}],"replies":[{"embeddable":true,"href":"https:\/\/occasionrayonnage.com\/index.php\/wp-json\/wp\/v2\/comments?post=66"}],"version-history":[{"count":4,"href":"https:\/\/occasionrayonnage.com\/index.php\/wp-json\/wp\/v2\/pages\/66\/revisions"}],"predecessor-version":[{"id":98,"href":"https:\/\/occasionrayonnage.com\/index.php\/wp-json\/wp\/v2\/pages\/66\/revisions\/98"}],"wp:attachment":[{"href":"https:\/\/occasionrayonnage.com\/index.php\/wp-json\/wp\/v2\/media?parent=66"}],"curies":[{"name":"wp","href":"https:\/\/api.w.org\/{rel}","templated":true}]}}