{"id":62,"date":"2023-05-31T17:19:26","date_gmt":"2023-05-31T15:19:26","guid":{"rendered":"https:\/\/occasionrayonnage.com\/?page_id=62"},"modified":"2023-06-01T12:33:20","modified_gmt":"2023-06-01T10:33:20","slug":"les-differents-types-de-rayonnages-doccasion","status":"publish","type":"page","link":"https:\/\/occasionrayonnage.com\/index.php\/les-differents-types-de-rayonnages-doccasion\/","title":{"rendered":"Les rayonnages d\u2019occasion"},"content":{"rendered":"\n<h2 class=\"wp-block-heading\">Les diff\u00e9rents types de rayonnages d\u2019occasion :<\/h2>\n\n\n\n<ul>\n<li class=\"has-medium-font-size\"><strong>Rayonnages \u00e0 \u00e9tag\u00e8res m\u00e9talliques :<\/strong> Ces rayonnages sont constitu\u00e9s d\u2019\u00e9tag\u00e8res en m\u00e9tal support\u00e9es par des montants verticaux. Ils sont largement utilis\u00e9s dans les entrep\u00f4ts, les garages et les magasins pour le stockage de produits et d\u2019articles de diff\u00e9rentes tailles.<\/li>\n\n\n\n<li class=\"has-medium-font-size\"><strong>Rayonnages \u00e0 palettes :<\/strong> Ces rayonnages sont con\u00e7us pour le stockage de palettes et sont souvent utilis\u00e9s dans les entrep\u00f4ts et les centres de distribution. Ils se composent de montants verticaux, de traverses horizontales et de lisses pour supporter les palettes.<\/li>\n\n\n\n<li class=\"has-medium-font-size\"><strong>Rayonnages cantilever :<\/strong> Ces rayonnages sont sp\u00e9cialement con\u00e7us pour stocker des articles longs et encombrants tels que les tuyaux, les planches de bois ou les barres m\u00e9talliques. Ils sont caract\u00e9ris\u00e9s par des bras horizontaux qui s\u2019\u00e9tendent \u00e0 partir de montants verticaux.<\/li>\n\n\n\n<li class=\"has-medium-font-size\"><strong>Rayonnages mobiles :<\/strong> Ces rayonnages sont mont\u00e9s sur des chariots ou des rails et peuvent \u00eatre d\u00e9plac\u00e9s lat\u00e9ralement pour optimiser l\u2019utilisation de l\u2019espace. Ils sont particuli\u00e8rement utiles dans les espaces o\u00f9 l\u2019espace est limit\u00e9.<\/li>\n\n\n\n<li class=\"has-medium-font-size\"><strong>Rayonnages \u00e0 tiroirs :<\/strong> Ces rayonnages sont \u00e9quip\u00e9s de tiroirs coulissants, ce qui permet de stocker de petits articles de mani\u00e8re organis\u00e9e et accessible.<\/li>\n<\/ul>\n","protected":false},"excerpt":{"rendered":"<p>Les diff\u00e9rents types de rayonnages d\u2019occasion :<\/p>\n","protected":false},"author":1,"featured_media":0,"parent":0,"menu_order":0,"comment_status":"closed","ping_status":"closed","template":"","meta":{"_monsterinsights_skip_tracking":false,"_monsterinsights_sitenote_active":false,"_monsterinsights_sitenote_note":"","_monsterinsights_sitenote_category":0},"yoast_head":"<!-- This site is optimized with the Yoast SEO plugin v20.8 - https:\/\/yoast.com\/wordpress\/plugins\/seo\/ -->\n<title>Les rayonnages d\u2019occasion - occasionrayonnage.com<\/title>\n<meta name=\"description\" content=\"Il existe diff\u00e9rents types de rayonnage tels que le rack \u00e0 palettes, \u00e0 \u00e9tag\u00e8res, cantilever, le mobile, adapt\u00e9s aux besoins de stockage.\" \/>\n<meta name=\"robots\" content=\"index, follow, max-snippet:-1, max-image-preview:large, max-video-preview:-1\" \/>\n<link rel=\"canonical\" href=\"https:\/\/occasionrayonnage.com\/index.php\/les-differents-types-de-rayonnages-doccasion\/\" \/>\n<meta property=\"og:locale\" content=\"en_US\" \/>\n<meta property=\"og:type\" content=\"article\" \/>\n<meta property=\"og:title\" content=\"Les rayonnages d\u2019occasion\" \/>\n<meta property=\"og:description\" content=\"Il existe diff\u00e9rents types de rayonnage tels que le rack \u00e0 palettes, \u00e0 \u00e9tag\u00e8res, cantilever, le mobile, adapt\u00e9s aux besoins de stockage.\" \/>\n<meta property=\"og:url\" content=\"https:\/\/occasionrayonnage.com\/index.php\/les-differents-types-de-rayonnages-doccasion\/\" \/>\n<meta property=\"og:site_name\" content=\"occasionrayonnage.com\" \/>\n<meta property=\"article:modified_time\" content=\"2023-06-01T10:33:20+00:00\" \/>\n<meta name=\"twitter:card\" content=\"summary_large_image\" \/>\n<meta name=\"twitter:title\" content=\"Les rayonnages d\u2019occasion\" \/>\n<meta name=\"twitter:description\" content=\"Il existe diff\u00e9rents types de rayonnage tels que le rack \u00e0 palettes, \u00e0 \u00e9tag\u00e8res, cantilever, le mobile, adapt\u00e9s aux besoins de stockage.\" \/>\n<meta name=\"twitter:label1\" content=\"Est. reading time\" \/>\n\t<meta name=\"twitter:data1\" content=\"1 minute\" \/>\n<script type=\"application\/ld+json\" class=\"yoast-schema-graph\">{\"@context\":\"https:\/\/schema.org\",\"@graph\":[{\"@type\":\"WebPage\",\"@id\":\"https:\/\/occasionrayonnage.com\/index.php\/les-differents-types-de-rayonnages-doccasion\/\",\"url\":\"https:\/\/occasionrayonnage.com\/index.php\/les-differents-types-de-rayonnages-doccasion\/\",\"name\":\"Les rayonnages d\u2019occasion - occasionrayonnage.com\",\"isPartOf\":{\"@id\":\"https:\/\/occasionrayonnage.com\/#website\"},\"datePublished\":\"2023-05-31T15:19:26+00:00\",\"dateModified\":\"2023-06-01T10:33:20+00:00\",\"description\":\"Il existe diff\u00e9rents types de rayonnage tels que le rack \u00e0 palettes, \u00e0 \u00e9tag\u00e8res, cantilever, le mobile, adapt\u00e9s aux besoins de stockage.\",\"breadcrumb\":{\"@id\":\"https:\/\/occasionrayonnage.com\/index.php\/les-differents-types-de-rayonnages-doccasion\/#breadcrumb\"},\"inLanguage\":\"en-US\",\"potentialAction\":[{\"@type\":\"ReadAction\",\"target\":[\"https:\/\/occasionrayonnage.com\/index.php\/les-differents-types-de-rayonnages-doccasion\/\"]}]},{\"@type\":\"BreadcrumbList\",\"@id\":\"https:\/\/occasionrayonnage.com\/index.php\/les-differents-types-de-rayonnages-doccasion\/#breadcrumb\",\"itemListElement\":[{\"@type\":\"ListItem\",\"position\":1,\"name\":\"Accueil\",\"item\":\"https:\/\/occasionrayonnage.com\/\"},{\"@type\":\"ListItem\",\"position\":2,\"name\":\"Les rayonnages d\u2019occasion\"}]},{\"@type\":\"WebSite\",\"@id\":\"https:\/\/occasionrayonnage.com\/#website\",\"url\":\"https:\/\/occasionrayonnage.com\/\",\"name\":\"occasionrayonnage.com\",\"description\":\"\",\"publisher\":{\"@id\":\"https:\/\/occasionrayonnage.com\/#organization\"},\"potentialAction\":[{\"@type\":\"SearchAction\",\"target\":{\"@type\":\"EntryPoint\",\"urlTemplate\":\"https:\/\/occasionrayonnage.com\/?s={search_term_string}\"},\"query-input\":\"required name=search_term_string\"}],\"inLanguage\":\"en-US\"},{\"@type\":\"Organization\",\"@id\":\"https:\/\/occasionrayonnage.com\/#organization\",\"name\":\"occasionrayonnage.com\",\"url\":\"https:\/\/occasionrayonnage.com\/\",\"logo\":{\"@type\":\"ImageObject\",\"inLanguage\":\"en-US\",\"@id\":\"https:\/\/occasionrayonnage.com\/#\/schema\/logo\/image\/\",\"url\":\"https:\/\/occasionrayonnage.com\/wp-content\/uploads\/2023\/06\/cropped-occasionrayonnage.com-1.png\",\"contentUrl\":\"https:\/\/occasionrayonnage.com\/wp-content\/uploads\/2023\/06\/cropped-occasionrayonnage.com-1.png\",\"width\":477,\"height\":127,\"caption\":\"occasionrayonnage.com\"},\"image\":{\"@id\":\"https:\/\/occasionrayonnage.com\/#\/schema\/logo\/image\/\"}}]}<\/script>\n<!-- \/ Yoast SEO plugin. -->","yoast_head_json":{"title":"Les rayonnages d\u2019occasion - occasionrayonnage.com","description":"Il existe diff\u00e9rents types de rayonnage tels que le rack \u00e0 palettes, \u00e0 \u00e9tag\u00e8res, cantilever, le mobile, adapt\u00e9s aux besoins de stockage.","robots":{"index":"index","follow":"follow","max-snippet":"max-snippet:-1","max-image-preview":"max-image-preview:large","max-video-preview":"max-video-preview:-1"},"canonical":"https:\/\/occasionrayonnage.com\/index.php\/les-differents-types-de-rayonnages-doccasion\/","og_locale":"en_US","og_type":"article","og_title":"Les rayonnages d\u2019occasion","og_description":"Il existe diff\u00e9rents types de rayonnage tels que le rack \u00e0 palettes, \u00e0 \u00e9tag\u00e8res, cantilever, le mobile, adapt\u00e9s aux besoins de stockage.","og_url":"https:\/\/occasionrayonnage.com\/index.php\/les-differents-types-de-rayonnages-doccasion\/","og_site_name":"occasionrayonnage.com","article_modified_time":"2023-06-01T10:33:20+00:00","twitter_card":"summary_large_image","twitter_title":"Les rayonnages d\u2019occasion","twitter_description":"Il existe diff\u00e9rents types de rayonnage tels que le rack \u00e0 palettes, \u00e0 \u00e9tag\u00e8res, cantilever, le mobile, adapt\u00e9s aux besoins de stockage.","twitter_misc":{"Est. reading time":"1 minute"},"schema":{"@context":"https:\/\/schema.org","@graph":[{"@type":"WebPage","@id":"https:\/\/occasionrayonnage.com\/index.php\/les-differents-types-de-rayonnages-doccasion\/","url":"https:\/\/occasionrayonnage.com\/index.php\/les-differents-types-de-rayonnages-doccasion\/","name":"Les rayonnages d\u2019occasion - occasionrayonnage.com","isPartOf":{"@id":"https:\/\/occasionrayonnage.com\/#website"},"datePublished":"2023-05-31T15:19:26+00:00","dateModified":"2023-06-01T10:33:20+00:00","description":"Il existe diff\u00e9rents types de rayonnage tels que le rack \u00e0 palettes, \u00e0 \u00e9tag\u00e8res, cantilever, le mobile, adapt\u00e9s aux besoins de stockage.","breadcrumb":{"@id":"https:\/\/occasionrayonnage.com\/index.php\/les-differents-types-de-rayonnages-doccasion\/#breadcrumb"},"inLanguage":"en-US","potentialAction":[{"@type":"ReadAction","target":["https:\/\/occasionrayonnage.com\/index.php\/les-differents-types-de-rayonnages-doccasion\/"]}]},{"@type":"BreadcrumbList","@id":"https:\/\/occasionrayonnage.com\/index.php\/les-differents-types-de-rayonnages-doccasion\/#breadcrumb","itemListElement":[{"@type":"ListItem","position":1,"name":"Accueil","item":"https:\/\/occasionrayonnage.com\/"},{"@type":"ListItem","position":2,"name":"Les rayonnages d\u2019occasion"}]},{"@type":"WebSite","@id":"https:\/\/occasionrayonnage.com\/#website","url":"https:\/\/occasionrayonnage.com\/","name":"occasionrayonnage.com","description":"","publisher":{"@id":"https:\/\/occasionrayonnage.com\/#organization"},"potentialAction":[{"@type":"SearchAction","target":{"@type":"EntryPoint","urlTemplate":"https:\/\/occasionrayonnage.com\/?s={search_term_string}"},"query-input":"required name=search_term_string"}],"inLanguage":"en-US"},{"@type":"Organization","@id":"https:\/\/occasionrayonnage.com\/#organization","name":"occasionrayonnage.com","url":"https:\/\/occasionrayonnage.com\/","logo":{"@type":"ImageObject","inLanguage":"en-US","@id":"https:\/\/occasionrayonnage.com\/#\/schema\/logo\/image\/","url":"https:\/\/occasionrayonnage.com\/wp-content\/uploads\/2023\/06\/cropped-occasionrayonnage.com-1.png","contentUrl":"https:\/\/occasionrayonnage.com\/wp-content\/uploads\/2023\/06\/cropped-occasionrayonnage.com-1.png","width":477,"height":127,"caption":"occasionrayonnage.com"},"image":{"@id":"https:\/\/occasionrayonnage.com\/#\/schema\/logo\/image\/"}}]}},"_links":{"self":[{"href":"https:\/\/occasionrayonnage.com\/index.php\/wp-json\/wp\/v2\/pages\/62"}],"collection":[{"href":"https:\/\/occasionrayonnage.com\/index.php\/wp-json\/wp\/v2\/pages"}],"about":[{"href":"https:\/\/occasionrayonnage.com\/index.php\/wp-json\/wp\/v2\/types\/page"}],"author":[{"embeddable":true,"href":"https:\/\/occasionrayonnage.com\/index.php\/wp-json\/wp\/v2\/users\/1"}],"replies":[{"embeddable":true,"href":"https:\/\/occasionrayonnage.com\/index.php\/wp-json\/wp\/v2\/comments?post=62"}],"version-history":[{"count":3,"href":"https:\/\/occasionrayonnage.com\/index.php\/wp-json\/wp\/v2\/pages\/62\/revisions"}],"predecessor-version":[{"id":101,"href":"https:\/\/occasionrayonnage.com\/index.php\/wp-json\/wp\/v2\/pages\/62\/revisions\/101"}],"wp:attachment":[{"href":"https:\/\/occasionrayonnage.com\/index.php\/wp-json\/wp\/v2\/media?parent=62"}],"curies":[{"name":"wp","href":"https:\/\/api.w.org\/{rel}","templated":true}]}}