{"id":126,"date":"2023-06-01T12:34:52","date_gmt":"2023-06-01T10:34:52","guid":{"rendered":"https:\/\/occasionrayonnage.com\/?page_id=126"},"modified":"2023-06-01T12:42:43","modified_gmt":"2023-06-01T10:42:43","slug":"donnees-personelles","status":"publish","type":"page","link":"https:\/\/occasionrayonnage.com\/index.php\/donnees-personelles\/","title":{"rendered":"Donn\u00e9es personnelles"},"content":{"rendered":"\n<p><strong>Les donn\u00e9es \u00e0 caract\u00e8re personnel collect\u00e9es dans le cadre du site web sont trait\u00e9es par\u00a0SOS Rayonnages aux fins suivantes :Prospection commerciale :<\/strong><\/p>\n\n\n\n<ul>\n<li>r\u00e9pondre \u00e0 vos questions g\u00e9n\u00e9rales<\/li>\n\n\n\n<li>vous envoyer notre newsletter<\/li>\n\n\n\n<li>prendre en compte votre demande assurer son traitement et son suivi<\/li>\n\n\n\n<li>le cas \u00e9ch\u00e9ant, vous adresser des communications commerciales sur nos produits et services, sauf opposition de votre part.<\/li>\n\n\n\n<li>effectuer des analyses d\u2019audience, proc\u00e9der \u00e0 des statistiques<\/li>\n\n\n\n<li>le cas \u00e9ch\u00e9ant, vous adresser des communications commerciales sur nos produits et services, sauf opposition de votre part.<\/li>\n<\/ul>\n\n\n\n<p><strong>Gestion de notre site internet :<\/strong><\/p>\n\n\n\n<ul>\n<li>diagnostiquer les probl\u00e8mes de notre serveur et am\u00e9liorer la gestion de notre site<\/li>\n<\/ul>\n\n\n\n<p>Les donn\u00e9es \u00e0 caract\u00e8re personnel sont ainsi trait\u00e9es pour nous permettre de satisfaire les commandes pass\u00e9es ou afin de satisfaire l\u2019int\u00e9r\u00eat l\u00e9gitime de&nbsp;SOS Rayonnages, de vous faire appr\u00e9cier ses produits et services \u00e0 travers son site web et ses offres commerciales, mieux vous conna\u00eetre, appr\u00e9hender vos besoins et y r\u00e9pondre et ainsi vous fid\u00e9liser.<\/p>\n\n\n\n<p>Ces donn\u00e9es sont destin\u00e9es \u00e0 la soci\u00e9t\u00e9&nbsp;SOS Rayonnages&nbsp;uniquement.<br><strong>Dur\u00e9e de conservation dans le site&nbsp;SOS Rayonnages&nbsp;:<\/strong><\/p>\n\n\n\n<ul>\n<li>5 ans pour les donn\u00e9es collect\u00e9es dans un but de prospection<\/li>\n\n\n\n<li>10 ans pour les donn\u00e9es collect\u00e9es dans un but de vente<\/li>\n<\/ul>\n\n\n\n<p><strong>Dur\u00e9e de conservation dans le syst\u00e8me d\u2019information&nbsp;SOS Rayonnages&nbsp;:<\/strong><\/p>\n\n\n\n<ul>\n<li>Le temps n\u00e9cessaire \u00e0 la r\u00e9alisation de la finalit\u00e9 pour laquelle nous d\u00e9tenons ces donn\u00e9es, afin de r\u00e9pondre \u00e0 vos besoins ou pour remplir nos obligations l\u00e9gales.<\/li>\n<\/ul>\n\n\n\n<p>Nous n\u2019offrons pas ni ne vendons vos donn\u00e9es \u00e0 caract\u00e8re personnel \u00e0 des tiers. Les donn\u00e9es \u00e0 caract\u00e8re personnel que vous communiquez \u00e0&nbsp;SOS Rayonnages&nbsp;peuvent \u00e9galement faire l\u2019objet d\u2019un traitement en notre nom par des prestataires et partenaires contractuels qui nous fournissent en solution e-mailing, mailing postal, assistance en ligne et gestion du site internet.<\/p>\n\n\n\n<p>Le site&nbsp;SOS Rayonnages&nbsp;fait appel \u00e0 des services propos\u00e9s par des tiers. Ces fonctionnalit\u00e9s utilisent des cookies directement d\u00e9pos\u00e9s par ces services. Lors de votre premi\u00e8re visite sur le site&nbsp;SOS Rayonnages, un bandeau vous informe de la pr\u00e9sence de ces cookies.<\/p>\n\n\n\n<p>Vous disposez d\u2019un droit d\u2019acc\u00e8s, de modification et d\u2019opposition aux donn\u00e9es qui vous concernent. Pour l\u2019exercer, adressez-vous \u00e0 : SAS L.HUTIN SOS RAYONNAGES 399 Rue St\u00e9phane Duc, Z.I de Motz\/Serri\u00e8res,73310 Serri\u00e8res en Chautagne<\/p>\n","protected":false},"excerpt":{"rendered":"<p>Les donn\u00e9es \u00e0 caract\u00e8re personnel collect\u00e9es dans le cadre du site web sont trait\u00e9es par\u00a0SOS Rayonnages aux fins suivantes :Prospection commerciale : Gestion de notre site internet : Les donn\u00e9es \u00e0 caract\u00e8re personnel sont ainsi trait\u00e9es pour nous permettre de satisfaire les commandes pass\u00e9es ou afin de satisfaire l\u2019int\u00e9r\u00eat l\u00e9gitime de&nbsp;SOS Rayonnages, de vous faire [&hellip;]<\/p>\n","protected":false},"author":1,"featured_media":0,"parent":0,"menu_order":0,"comment_status":"closed","ping_status":"closed","template":"","meta":{"_monsterinsights_skip_tracking":false,"_monsterinsights_sitenote_active":false,"_monsterinsights_sitenote_note":"","_monsterinsights_sitenote_category":0},"yoast_head":"<!-- This site is optimized with the Yoast SEO plugin v20.8 - https:\/\/yoast.com\/wordpress\/plugins\/seo\/ -->\n<title>Donn\u00e9es personnelles - occasionrayonnage.com<\/title>\n<meta name=\"robots\" content=\"index, follow, max-snippet:-1, max-image-preview:large, max-video-preview:-1\" \/>\n<link rel=\"canonical\" href=\"https:\/\/occasionrayonnage.com\/index.php\/donnees-personelles\/\" \/>\n<meta property=\"og:locale\" content=\"en_US\" \/>\n<meta property=\"og:type\" content=\"article\" \/>\n<meta property=\"og:title\" content=\"Donn\u00e9es personnelles - occasionrayonnage.com\" \/>\n<meta property=\"og:description\" content=\"Les donn\u00e9es \u00e0 caract\u00e8re personnel collect\u00e9es dans le cadre du site web sont trait\u00e9es par\u00a0SOS Rayonnages aux fins suivantes :Prospection commerciale : Gestion de notre site internet : Les donn\u00e9es \u00e0 caract\u00e8re personnel sont ainsi trait\u00e9es pour nous permettre de satisfaire les commandes pass\u00e9es ou afin de satisfaire l\u2019int\u00e9r\u00eat l\u00e9gitime de&nbsp;SOS Rayonnages, de vous faire [&hellip;]\" \/>\n<meta property=\"og:url\" content=\"https:\/\/occasionrayonnage.com\/index.php\/donnees-personelles\/\" \/>\n<meta property=\"og:site_name\" content=\"occasionrayonnage.com\" \/>\n<meta property=\"article:modified_time\" content=\"2023-06-01T10:42:43+00:00\" \/>\n<meta name=\"twitter:card\" content=\"summary_large_image\" \/>\n<meta name=\"twitter:label1\" content=\"Est. reading time\" \/>\n\t<meta name=\"twitter:data1\" content=\"2 minutes\" \/>\n<script type=\"application\/ld+json\" class=\"yoast-schema-graph\">{\"@context\":\"https:\/\/schema.org\",\"@graph\":[{\"@type\":\"WebPage\",\"@id\":\"https:\/\/occasionrayonnage.com\/index.php\/donnees-personelles\/\",\"url\":\"https:\/\/occasionrayonnage.com\/index.php\/donnees-personelles\/\",\"name\":\"Donn\u00e9es personnelles - occasionrayonnage.com\",\"isPartOf\":{\"@id\":\"https:\/\/occasionrayonnage.com\/#website\"},\"datePublished\":\"2023-06-01T10:34:52+00:00\",\"dateModified\":\"2023-06-01T10:42:43+00:00\",\"breadcrumb\":{\"@id\":\"https:\/\/occasionrayonnage.com\/index.php\/donnees-personelles\/#breadcrumb\"},\"inLanguage\":\"en-US\",\"potentialAction\":[{\"@type\":\"ReadAction\",\"target\":[\"https:\/\/occasionrayonnage.com\/index.php\/donnees-personelles\/\"]}]},{\"@type\":\"BreadcrumbList\",\"@id\":\"https:\/\/occasionrayonnage.com\/index.php\/donnees-personelles\/#breadcrumb\",\"itemListElement\":[{\"@type\":\"ListItem\",\"position\":1,\"name\":\"Accueil\",\"item\":\"https:\/\/occasionrayonnage.com\/\"},{\"@type\":\"ListItem\",\"position\":2,\"name\":\"Donn\u00e9es personnelles\"}]},{\"@type\":\"WebSite\",\"@id\":\"https:\/\/occasionrayonnage.com\/#website\",\"url\":\"https:\/\/occasionrayonnage.com\/\",\"name\":\"occasionrayonnage.com\",\"description\":\"\",\"publisher\":{\"@id\":\"https:\/\/occasionrayonnage.com\/#organization\"},\"potentialAction\":[{\"@type\":\"SearchAction\",\"target\":{\"@type\":\"EntryPoint\",\"urlTemplate\":\"https:\/\/occasionrayonnage.com\/?s={search_term_string}\"},\"query-input\":\"required name=search_term_string\"}],\"inLanguage\":\"en-US\"},{\"@type\":\"Organization\",\"@id\":\"https:\/\/occasionrayonnage.com\/#organization\",\"name\":\"occasionrayonnage.com\",\"url\":\"https:\/\/occasionrayonnage.com\/\",\"logo\":{\"@type\":\"ImageObject\",\"inLanguage\":\"en-US\",\"@id\":\"https:\/\/occasionrayonnage.com\/#\/schema\/logo\/image\/\",\"url\":\"https:\/\/occasionrayonnage.com\/wp-content\/uploads\/2023\/06\/cropped-occasionrayonnage.com-1.png\",\"contentUrl\":\"https:\/\/occasionrayonnage.com\/wp-content\/uploads\/2023\/06\/cropped-occasionrayonnage.com-1.png\",\"width\":477,\"height\":127,\"caption\":\"occasionrayonnage.com\"},\"image\":{\"@id\":\"https:\/\/occasionrayonnage.com\/#\/schema\/logo\/image\/\"}}]}<\/script>\n<!-- \/ Yoast SEO plugin. -->","yoast_head_json":{"title":"Donn\u00e9es personnelles - occasionrayonnage.com","robots":{"index":"index","follow":"follow","max-snippet":"max-snippet:-1","max-image-preview":"max-image-preview:large","max-video-preview":"max-video-preview:-1"},"canonical":"https:\/\/occasionrayonnage.com\/index.php\/donnees-personelles\/","og_locale":"en_US","og_type":"article","og_title":"Donn\u00e9es personnelles - occasionrayonnage.com","og_description":"Les donn\u00e9es \u00e0 caract\u00e8re personnel collect\u00e9es dans le cadre du site web sont trait\u00e9es par\u00a0SOS Rayonnages aux fins suivantes :Prospection commerciale : Gestion de notre site internet : Les donn\u00e9es \u00e0 caract\u00e8re personnel sont ainsi trait\u00e9es pour nous permettre de satisfaire les commandes pass\u00e9es ou afin de satisfaire l\u2019int\u00e9r\u00eat l\u00e9gitime de&nbsp;SOS Rayonnages, de vous faire [&hellip;]","og_url":"https:\/\/occasionrayonnage.com\/index.php\/donnees-personelles\/","og_site_name":"occasionrayonnage.com","article_modified_time":"2023-06-01T10:42:43+00:00","twitter_card":"summary_large_image","twitter_misc":{"Est. reading time":"2 minutes"},"schema":{"@context":"https:\/\/schema.org","@graph":[{"@type":"WebPage","@id":"https:\/\/occasionrayonnage.com\/index.php\/donnees-personelles\/","url":"https:\/\/occasionrayonnage.com\/index.php\/donnees-personelles\/","name":"Donn\u00e9es personnelles - occasionrayonnage.com","isPartOf":{"@id":"https:\/\/occasionrayonnage.com\/#website"},"datePublished":"2023-06-01T10:34:52+00:00","dateModified":"2023-06-01T10:42:43+00:00","breadcrumb":{"@id":"https:\/\/occasionrayonnage.com\/index.php\/donnees-personelles\/#breadcrumb"},"inLanguage":"en-US","potentialAction":[{"@type":"ReadAction","target":["https:\/\/occasionrayonnage.com\/index.php\/donnees-personelles\/"]}]},{"@type":"BreadcrumbList","@id":"https:\/\/occasionrayonnage.com\/index.php\/donnees-personelles\/#breadcrumb","itemListElement":[{"@type":"ListItem","position":1,"name":"Accueil","item":"https:\/\/occasionrayonnage.com\/"},{"@type":"ListItem","position":2,"name":"Donn\u00e9es personnelles"}]},{"@type":"WebSite","@id":"https:\/\/occasionrayonnage.com\/#website","url":"https:\/\/occasionrayonnage.com\/","name":"occasionrayonnage.com","description":"","publisher":{"@id":"https:\/\/occasionrayonnage.com\/#organization"},"potentialAction":[{"@type":"SearchAction","target":{"@type":"EntryPoint","urlTemplate":"https:\/\/occasionrayonnage.com\/?s={search_term_string}"},"query-input":"required name=search_term_string"}],"inLanguage":"en-US"},{"@type":"Organization","@id":"https:\/\/occasionrayonnage.com\/#organization","name":"occasionrayonnage.com","url":"https:\/\/occasionrayonnage.com\/","logo":{"@type":"ImageObject","inLanguage":"en-US","@id":"https:\/\/occasionrayonnage.com\/#\/schema\/logo\/image\/","url":"https:\/\/occasionrayonnage.com\/wp-content\/uploads\/2023\/06\/cropped-occasionrayonnage.com-1.png","contentUrl":"https:\/\/occasionrayonnage.com\/wp-content\/uploads\/2023\/06\/cropped-occasionrayonnage.com-1.png","width":477,"height":127,"caption":"occasionrayonnage.com"},"image":{"@id":"https:\/\/occasionrayonnage.com\/#\/schema\/logo\/image\/"}}]}},"_links":{"self":[{"href":"https:\/\/occasionrayonnage.com\/index.php\/wp-json\/wp\/v2\/pages\/126"}],"collection":[{"href":"https:\/\/occasionrayonnage.com\/index.php\/wp-json\/wp\/v2\/pages"}],"about":[{"href":"https:\/\/occasionrayonnage.com\/index.php\/wp-json\/wp\/v2\/types\/page"}],"author":[{"embeddable":true,"href":"https:\/\/occasionrayonnage.com\/index.php\/wp-json\/wp\/v2\/users\/1"}],"replies":[{"embeddable":true,"href":"https:\/\/occasionrayonnage.com\/index.php\/wp-json\/wp\/v2\/comments?post=126"}],"version-history":[{"count":2,"href":"https:\/\/occasionrayonnage.com\/index.php\/wp-json\/wp\/v2\/pages\/126\/revisions"}],"predecessor-version":[{"id":134,"href":"https:\/\/occasionrayonnage.com\/index.php\/wp-json\/wp\/v2\/pages\/126\/revisions\/134"}],"wp:attachment":[{"href":"https:\/\/occasionrayonnage.com\/index.php\/wp-json\/wp\/v2\/media?parent=126"}],"curies":[{"name":"wp","href":"https:\/\/api.w.org\/{rel}","templated":true}]}}